{"id":8403,"date":"2018-11-13T15:08:30","date_gmt":"2018-11-13T14:08:30","guid":{"rendered":"https:\/\/ohmygone.com\/our-story\/"},"modified":"2026-04-02T13:47:35","modified_gmt":"2026-04-02T11:47:35","slug":"our-story","status":"publish","type":"page","link":"https:\/\/ohmygone.com\/en\/our-story\/","title":{"rendered":"Our Story"},"content":{"rendered":"\t\t<div data-elementor-type=\"wp-page\" data-elementor-id=\"8403\" class=\"elementor elementor-8403 elementor-1159\" data-elementor-post-type=\"page\">\n\t\t\t\t<div class=\"elementor-element elementor-element-ffc02a8 e-flex e-con-boxed e-con e-parent\" data-id=\"ffc02a8\" data-element_type=\"container\" data-e-type=\"container\">\n\t\t\t\t\t<div class=\"e-con-inner\">\n\t\t\t\t<div class=\"elementor-element elementor-element-1ee6604 elementor-widget elementor-widget-heading\" data-id=\"1ee6604\" data-element_type=\"widget\" data-e-type=\"widget\" data-widget_type=\"heading.default\">\n\t\t\t\t<div class=\"elementor-widget-container\">\n\t\t\t\t\t<h2 class=\"elementor-heading-title elementor-size-default\">Interview with Olivier MICHEL, creator of the brand OH MY GONE, who tells us about his vision and his career and Aur\u00e9lie DERDERIAN, manager of the store<\/h2>\t\t\t\t<\/div>\n\t\t\t\t<\/div>\n\t\t\t\t<div class=\"elementor-element elementor-element-8f25dd3 elementor-widget elementor-widget-heading\" data-id=\"8f25dd3\" data-element_type=\"widget\" data-e-type=\"widget\" data-widget_type=\"heading.default\">\n\t\t\t\t<div class=\"elementor-widget-container\">\n\t\t\t\t\t<h2 class=\"elementor-heading-title elementor-size-default\">\"Working with our ecosystem also means contributing to the vitality of our city.\"<\/h2>\t\t\t\t<\/div>\n\t\t\t\t<\/div>\n\t\t\t\t\t<\/div>\n\t\t\t\t<\/div>\n\t\t<div class=\"elementor-element elementor-element-696d198 e-con-full e-flex e-con e-parent\" data-id=\"696d198\" data-element_type=\"container\" data-e-type=\"container\">\n\t\t<div class=\"elementor-element elementor-element-ce4725f e-con-full e-flex e-con e-child\" data-id=\"ce4725f\" data-element_type=\"container\" data-e-type=\"container\">\n\t\t\t\t<div class=\"elementor-element elementor-element-789d0fd elementor-widget elementor-widget-image\" data-id=\"789d0fd\" data-element_type=\"widget\" data-e-type=\"widget\" data-widget_type=\"image.default\">\n\t\t\t\t<div class=\"elementor-widget-container\">\n\t\t\t\t\t\t\t\t\t\t\t\t\t\t\t<img fetchpriority=\"high\" decoding=\"async\" width=\"800\" height=\"800\" src=\"https:\/\/ohmygone.com\/wp-content\/uploads\/2025\/11\/Photo-Olivier-MICHEL-1024x1024.jpeg\" class=\"attachment-large size-large wp-image-7208\" alt=\"\" srcset=\"https:\/\/ohmygone.com\/wp-content\/uploads\/2025\/11\/Photo-Olivier-MICHEL-1024x1024.jpeg 1024w, https:\/\/ohmygone.com\/wp-content\/uploads\/2025\/11\/Photo-Olivier-MICHEL-300x300.jpeg 300w, https:\/\/ohmygone.com\/wp-content\/uploads\/2025\/11\/Photo-Olivier-MICHEL-150x150.jpeg 150w, https:\/\/ohmygone.com\/wp-content\/uploads\/2025\/11\/Photo-Olivier-MICHEL-768x768.jpeg 768w, https:\/\/ohmygone.com\/wp-content\/uploads\/2025\/11\/Photo-Olivier-MICHEL-1536x1536.jpeg 1536w, https:\/\/ohmygone.com\/wp-content\/uploads\/2025\/11\/Photo-Olivier-MICHEL-2048x2048.jpeg 2048w, https:\/\/ohmygone.com\/wp-content\/uploads\/2025\/11\/Photo-Olivier-MICHEL-600x600.jpeg 600w, https:\/\/ohmygone.com\/wp-content\/uploads\/2025\/11\/Photo-Olivier-MICHEL-100x100.jpeg 100w\" sizes=\"(max-width: 800px) 100vw, 800px\" \/>\t\t\t\t\t\t\t\t\t\t\t\t\t\t\t<\/div>\n\t\t\t\t<\/div>\n\t\t\t\t<\/div>\n\t\t<div class=\"elementor-element elementor-element-a3d6392 e-con-full e-flex e-con e-child\" data-id=\"a3d6392\" data-element_type=\"container\" data-e-type=\"container\">\n\t\t\t\t<div class=\"elementor-element elementor-element-08d8e9a elementor-widget elementor-widget-text-editor\" data-id=\"08d8e9a\" data-element_type=\"widget\" data-e-type=\"widget\" data-widget_type=\"text-editor.default\">\n\t\t\t\t<div class=\"elementor-widget-container\">\n\t\t\t\t\t\t\t\t\t<p> <\/p><p><span style=\"color: #333399;\">In Lyon, some stories of entrepreneurs are intertwined with the soul of the city. That of Olivier MICHEL, founder of Lyon City Tour and Oh My Gone, is one of them. Between a passion for service, a love of the city and respect for local know-how, he has been able to transform his values into concrete projects. From tourism to crafts, he has been forging links for twenty years between the inhabitants, visitors and the craftsmen who make the heart of Lyon beat.   <\/span><\/p>\t\t\t\t\t\t\t\t<\/div>\n\t\t\t\t<\/div>\n\t\t\t\t<\/div>\n\t\t\t\t<\/div>\n\t\t<div class=\"elementor-element elementor-element-3c6b194 e-flex e-con-boxed e-con e-parent\" data-id=\"3c6b194\" data-element_type=\"container\" data-e-type=\"container\">\n\t\t\t\t\t<div class=\"e-con-inner\">\n\t\t\t\t<div class=\"elementor-element elementor-element-44d240f elementor-widget elementor-widget-text-editor\" data-id=\"44d240f\" data-element_type=\"widget\" data-e-type=\"widget\" data-widget_type=\"text-editor.default\">\n\t\t\t\t<div class=\"elementor-widget-container\">\n\t\t\t\t\t\t\t\t\t<p style=\"text-align: center;\"> <span style=\"color: #ff0000;\"><strong>What is your background?<\/strong><\/span><\/p><p class=\"CorpsA\">&#8220;Coming from a family of entrepreneurs since the early 1900s, I represent the fourth generation. Although I did not join the family business, I nevertheless chose to perpetuate its spirit: that of transport and service. With Lyon City Tour, created in 2005, I wanted to offer an experience at the crossroads of these two worlds, by offering a tailor-made service to help people discover Lyon in a different way. In 2018, I founded Oh My Gone, a shop dedicated to gifts from Lyon, to promote my city and the artisans who bring it to life.&#8221;<\/p>\t\t\t\t\t\t\t\t<\/div>\n\t\t\t\t<\/div>\n\t\t\t\t\t<\/div>\n\t\t\t\t<\/div>\n\t\t<div class=\"elementor-element elementor-element-1ef4c69 e-grid e-con-boxed e-con e-parent\" data-id=\"1ef4c69\" data-element_type=\"container\" data-e-type=\"container\">\n\t\t\t\t\t<div class=\"e-con-inner\">\n\t\t\t\t<div class=\"elementor-element elementor-element-e580b31 elementor-widget elementor-widget-text-editor\" data-id=\"e580b31\" data-element_type=\"widget\" data-e-type=\"widget\" data-widget_type=\"text-editor.default\">\n\t\t\t\t<div class=\"elementor-widget-container\">\n\t\t\t\t\t\t\t\t\t<p style=\"text-align: center;\"><span style=\"color: #ff0000;\"><strong>How did you come up with the idea of creating Oh My Gone?<\/strong><\/span><\/p><p>&#8220;Lyon City Tour customers often asked me: &#8220;Where can I buy these typical Lyon objects?&#8221; Rather than directing them to different addresses, I wanted to create a brand that embodies the Lyon art of living. But I didn&#8217;t want to offer products made on the other side of the world, without soul or history. From this reflection was born Oh My Gone, a brand that promotes Lyon&#8217;s know-how and the craftsmen of our region.&#8221;<\/p>\t\t\t\t\t\t\t\t<\/div>\n\t\t\t\t<\/div>\n\t\t\t\t<div class=\"elementor-element elementor-element-fa21b16 elementor-widget elementor-widget-text-editor\" data-id=\"fa21b16\" data-element_type=\"widget\" data-e-type=\"widget\" data-widget_type=\"text-editor.default\">\n\t\t\t\t<div class=\"elementor-widget-container\">\n\t\t\t\t\t\t\t\t\t<p style=\"text-align: center;\"><span style=\"color: #ff0000;\"><strong>What drives you about entrepreneurship?<\/strong><\/span><\/p><p>&#8220;What motivates me is the opportunity to make positive decisions for the company, to help it grow alongside my employees and to push our boundaries together. Being an entrepreneur means accepting to get out of your comfort zone, to learn constantly and to move forward collectively. It is also this ability to forge lasting links, whether with one&#8217;s team, with the craftsmen or with one&#8217;s entire ecosystem.&#8221;<\/p>\t\t\t\t\t\t\t\t<\/div>\n\t\t\t\t<\/div>\n\t\t\t\t<div class=\"elementor-element elementor-element-1064732 elementor-widget elementor-widget-text-editor\" data-id=\"1064732\" data-element_type=\"widget\" data-e-type=\"widget\" data-widget_type=\"text-editor.default\">\n\t\t\t\t<div class=\"elementor-widget-container\">\n\t\t\t\t\t\t\t\t\t<p style=\"text-align: center;\"><span style=\"color: #ff0000;\"><strong>How did the Oh My Gone adventure begin?<\/strong><\/span><\/p><p>&#8220;The adventure began online, with a textile collection adorned with emblematic phrases such as Petit Bouchon, a nod to our Lyon identity. Little by little, we expanded our universe with silks, magnets, bowls, illustrations, &#8230; depending on the partnerships and talents encountered. When we opened our physical store, the people of Lyon immediately responded. At Oh My Gone, they find this pride of belonging to the city.&#8221;<\/p>\t\t\t\t\t\t\t\t<\/div>\n\t\t\t\t<\/div>\n\t\t\t\t<div class=\"elementor-element elementor-element-71e64a6 elementor-widget elementor-widget-text-editor\" data-id=\"71e64a6\" data-element_type=\"widget\" data-e-type=\"widget\" data-widget_type=\"text-editor.default\">\n\t\t\t\t<div class=\"elementor-widget-container\">\n\t\t\t\t\t\t\t\t\t<p style=\"text-align: center;\"><span style=\"color: #ff0000;\"><strong>Why did you choose to offer local artisanal products?<\/strong><\/span><\/p><p>&#8220;Twenty years ago, I launched Lyon City Tour to help people discover this territory that I find magnificent. I wanted to extend this approach through Oh My Gone, by highlighting local know-how. I deeply believe that it is better to collaborate with artisans close to us, rather than bringing products from the other side of the world. Working with our ecosystem also means contributing to the vitality of our city.&#8221;<\/p>\t\t\t\t\t\t\t\t<\/div>\n\t\t\t\t<\/div>\n\t\t\t\t\t<\/div>\n\t\t\t\t<\/div>\n\t\t<div class=\"elementor-element elementor-element-61cc856 e-flex e-con-boxed e-con e-parent\" data-id=\"61cc856\" data-element_type=\"container\" data-e-type=\"container\">\n\t\t\t\t\t<div class=\"e-con-inner\">\n\t\t\t\t<div class=\"elementor-element elementor-element-fbcefb6 elementor-widget elementor-widget-text-editor\" data-id=\"fbcefb6\" data-element_type=\"widget\" data-e-type=\"widget\" data-widget_type=\"text-editor.default\">\n\t\t\t\t<div class=\"elementor-widget-container\">\n\t\t\t\t\t\t\t\t\t<p style=\"text-align: center;\"><span style=\"color: #ff0000;\"><strong>What do you like most about Lyon?<\/strong><\/span><\/p><p>&#8220;I live on the heights of Lyon, behind Fourvi\u00e8re, and I&#8217;ve been working on the Presqu&#8217;\u00eele for almost twenty years. I like to feel the rhythm of the city nestled between the Rh\u00f4ne and the Sa\u00f4ne. Lyon carries within it a breath that is both rooted in tradition and turned towards modernity. It is a city of history, with the Vieux-Lyon and its traboules, the slopes of the Croix-Rousse, but also a city of the future, driven by innovation and contemporary architecture. With Lyon City Tour, I invite the people of Lyon to discover their city in a different way: &#8220;Get on board, gain height to four meters above the ground, Lyon is no longer seen, it is contemplated.&#8221;    <\/p>\t\t\t\t\t\t\t\t<\/div>\n\t\t\t\t<\/div>\n\t\t\t\t\t<\/div>\n\t\t\t\t<\/div>\n\t\t<div class=\"elementor-element elementor-element-e14a6a8 e-con-full e-flex e-con e-parent\" data-id=\"e14a6a8\" data-element_type=\"container\" data-e-type=\"container\">\n\t\t\t\t<div class=\"elementor-element elementor-element-ad1a36e elementor-widget elementor-widget-video\" data-id=\"ad1a36e\" data-element_type=\"widget\" data-e-type=\"widget\" data-settings=\"{&quot;youtube_url&quot;:&quot;https:\\\/\\\/www.youtube.com\\\/watch?v=LpL-ewbBdY0&quot;,&quot;video_type&quot;:&quot;youtube&quot;,&quot;controls&quot;:&quot;yes&quot;}\" data-widget_type=\"video.default\">\n\t\t\t\t<div class=\"elementor-widget-container\">\n\t\t\t\t\t\t\t<div class=\"elementor-wrapper elementor-open-inline\">\n\t\t\t<div class=\"elementor-video\"><\/div>\t\t<\/div>\n\t\t\t\t\t\t<\/div>\n\t\t\t\t<\/div>\n\t\t\t\t<\/div>\n\t\t<div class=\"elementor-element elementor-element-5d76b57 e-flex e-con-boxed e-con e-parent\" data-id=\"5d76b57\" data-element_type=\"container\" data-e-type=\"container\">\n\t\t\t\t\t<div class=\"e-con-inner\">\n\t\t\t\t<div class=\"elementor-element elementor-element-0abee9c elementor-widget elementor-widget-text-editor\" data-id=\"0abee9c\" data-element_type=\"widget\" data-e-type=\"widget\" data-widget_type=\"text-editor.default\">\n\t\t\t\t<div class=\"elementor-widget-container\">\n\t\t\t\t\t\t\t\t\t<p style=\"text-align: center;\"><img decoding=\"async\" class=\"size-medium wp-image-7381 alignleft\" src=\"https:\/\/ohmygone.com\/wp-content\/uploads\/2025\/11\/PHOTO-aurelie-PTO-LIGNE-225x300.jpg\" alt=\"\" width=\"225\" height=\"300\" srcset=\"https:\/\/ohmygone.com\/wp-content\/uploads\/2025\/11\/PHOTO-aurelie-PTO-LIGNE-225x300.jpg 225w, https:\/\/ohmygone.com\/wp-content\/uploads\/2025\/11\/PHOTO-aurelie-PTO-LIGNE-768x1024.jpg 768w, https:\/\/ohmygone.com\/wp-content\/uploads\/2025\/11\/PHOTO-aurelie-PTO-LIGNE-1152x1536.jpg 1152w, https:\/\/ohmygone.com\/wp-content\/uploads\/2025\/11\/PHOTO-aurelie-PTO-LIGNE-600x800.jpg 600w, https:\/\/ohmygone.com\/wp-content\/uploads\/2025\/11\/PHOTO-aurelie-PTO-LIGNE.jpg 1200w\" sizes=\"(max-width: 225px) 100vw, 225px\" \/><strong><span style=\"color: #000080;\">In this interview, Aur\u00e9lie Derderian, Office Manager at Lyon City Tour and Oh My Gone, looks back on the creation of Lyon&#8217;s reference gift store, the encounters that have marked her and the deep attachment she has to the city of Lyon. His testimony recounts, with sincerity and enthusiasm, the adventure of a place that has become a real showcase of local know-how. <\/span><\/strong><\/p><p style=\"text-align: center;\"><span style=\"color: #ff0000;\"><strong>How did the Oh my Gone adventure begin?<\/strong><\/span><\/p><p><span style=\"color: #003366;\">&#8220;The adventure began with a few textile products adorned with Lyonnais expressions. The idea was to gauge the public&#8217;s curiosity and see how they would react to these nods from Lyon. <\/span><\/p><p><span style=\"color: #003366;\">Then the opportunity arose to move into a small room located under our offices, at the start of the little tourist train. I then asked myself an essential question: &#8220;What do we want to offer to passing visitors?&#8221; <\/span><\/p><p><span style=\"color: #003366;\">The first step was to listen to the tourists, their expectations and their desires. These questions laid the foundations of what would become Oh My Gone: a shop designed to highlight the best of Lyon&#8217;s know-how.&#8221; <\/span><\/p>\t\t\t\t\t\t\t\t<\/div>\n\t\t\t\t<\/div>\n\t\t\t\t<div class=\"elementor-element elementor-element-16c5ff2 elementor-widget elementor-widget-text-editor\" data-id=\"16c5ff2\" data-element_type=\"widget\" data-e-type=\"widget\" data-widget_type=\"text-editor.default\">\n\t\t\t\t<div class=\"elementor-widget-container\">\n\t\t\t\t\t\t\t\t\t<p style=\"text-align: center;\"><span style=\"color: #ff0000;\"><strong>How did the store&#8217;s offer develop?<\/strong><\/span><\/p><p><span style=\"color: #003366;\">&#8220;The idea of offering silk quickly took hold. It naturally led me to push the door of Atelier Saint-Georges, the first partner to have believed in our project. Their warm welcome marked the beginning of a valuable collaboration, which continues to this day.  <\/span><\/p><p><span style=\"color: #003366;\">The second striking meeting was that of Audrey, the illustrator behind Dessins de Ville, whose refined and delicate style immediately seduced me. From the outset, we highlighted its emblematic triptych representing the Place Bellecour, the H\u00f4tel de Ville and the Place des Jacobins. <\/span><\/p><p><span style=\"color: #003366;\">One thing leading to another, the shop grew. We have moved to rue de la Martini\u00e8re, opposite the famous Mur des Lyonnais. That&#8217;s where I was able to refine Oh My Gone&#8217;s identity and enrich our selection. After more than two and a half years in this district, we found a location that perfectly matched our DNA, rue Colonel Chambonnet, between Place Bellecour and the Bonaparte bridge.&#8221;   <\/span><\/p>\t\t\t\t\t\t\t\t<\/div>\n\t\t\t\t<\/div>\n\t\t\t\t<div class=\"elementor-element elementor-element-eccfb92 elementor-widget__width-initial elementor-widget elementor-widget-text-editor\" data-id=\"eccfb92\" data-element_type=\"widget\" data-e-type=\"widget\" data-widget_type=\"text-editor.default\">\n\t\t\t\t<div class=\"elementor-widget-container\">\n\t\t\t\t\t\t\t\t\t<p> <\/p><p style=\"text-align: center;\"><span style=\"color: #ff0000;\"><strong>How do you select the products offered at Oh my Gone?<\/strong><\/span><\/p><p><span style=\"color: #003366;\">&#8220;I am constantly on the lookout for everything related to the Lyon theme. It can be a collection of tableware inspired by Les M\u00e8res Lyonnaises, a line dedicated to Bouchons Lyonnais of which we are official retailers, or even locally made tote bags. <\/span><\/p><p><span style=\"color: #003366;\">We also want to offer an accessible range, while maintaining a strong demand for quality. In my opinion, everyone should be able to leave with a little piece of Lyon. <\/span><\/p><p><span style=\"color: #003366;\">Through our selection of products, we want to speak to both the people of Lyon, in the spirit of the gift shop, and visitors passing through, thanks to a quality souvenir offer.&#8221;<\/span><\/p>\t\t\t\t\t\t\t\t<\/div>\n\t\t\t\t<\/div>\n\t\t\t\t<div class=\"elementor-element elementor-element-290c5ad elementor-widget__width-initial elementor-widget elementor-widget-text-editor\" data-id=\"290c5ad\" data-element_type=\"widget\" data-e-type=\"widget\" data-widget_type=\"text-editor.default\">\n\t\t\t\t<div class=\"elementor-widget-container\">\n\t\t\t\t\t\t\t\t\t<p style=\"text-align: center;\"><strong><span style=\"color: #ff0000;\">Which meeting particularly marked you?<\/span><\/strong><\/p><p> <\/p><p style=\"text-align: left;\"><span style=\"color: #003366;\">&#8220;I remember the day I saw Marion from Atelier Coton doing screen printing. I was struck by the precision of his gestures. It is to highlight this know-how that we are showing a film in the shop, so that everyone can discover the backstage of the artisanal manufacture of a tote bag.  <\/span><br><span style=\"color: #003366;\">We don&#8217;t always measure the work behind an artisanal product, and this is often what explains its price. Unlike industrial objects from afar, here, each piece bears the imprint of a craftsman. This local wealth is essential to promote.&#8221;  <\/span><\/p>\t\t\t\t\t\t\t\t<\/div>\n\t\t\t\t<\/div>\n\t\t\t\t<div class=\"elementor-element elementor-element-1143c0b elementor-widget__width-initial elementor-widget elementor-widget-text-editor\" data-id=\"1143c0b\" data-element_type=\"widget\" data-e-type=\"widget\" data-widget_type=\"text-editor.default\">\n\t\t\t\t<div class=\"elementor-widget-container\">\n\t\t\t\t\t\t\t\t\t<p style=\"text-align: center;\"><span style=\"color: #ff0000;\"><strong>What original gift do you recommend for the end of the year<\/strong><strong>?<\/strong><\/span><\/p><p><span style=\"color: #003366;\">&#8220;I&#8217;m thinking of the snow globe. There is a real craze around this object. We work with the last French snow globe factory, located in the Ain. Offering a local product made much more sense than importing an object made on the other side of the world. This authenticity touches our customers, and it shows in its success.&#8221;<\/span><\/p>\t\t\t\t\t\t\t\t<\/div>\n\t\t\t\t<\/div>\n\t\t\t\t<div class=\"elementor-element elementor-element-7d04927 elementor-widget elementor-widget-image\" data-id=\"7d04927\" data-element_type=\"widget\" data-e-type=\"widget\" data-widget_type=\"image.default\">\n\t\t\t\t<div class=\"elementor-widget-container\">\n\t\t\t\t\t\t\t\t\t\t\t\t\t\t\t<img decoding=\"async\" width=\"800\" height=\"756\" src=\"https:\/\/ohmygone.com\/wp-content\/uploads\/2025\/11\/capture-ecran-inauguration-boutique-mars24.png\" class=\"attachment-large size-large wp-image-7385\" alt=\"\" srcset=\"https:\/\/ohmygone.com\/wp-content\/uploads\/2025\/11\/capture-ecran-inauguration-boutique-mars24.png 842w, https:\/\/ohmygone.com\/wp-content\/uploads\/2025\/11\/capture-ecran-inauguration-boutique-mars24-300x284.png 300w, https:\/\/ohmygone.com\/wp-content\/uploads\/2025\/11\/capture-ecran-inauguration-boutique-mars24-768x726.png 768w, https:\/\/ohmygone.com\/wp-content\/uploads\/2025\/11\/capture-ecran-inauguration-boutique-mars24-600x567.png 600w\" sizes=\"(max-width: 800px) 100vw, 800px\" \/>\t\t\t\t\t\t\t\t\t\t\t\t\t\t\t<\/div>\n\t\t\t\t<\/div>\n\t\t\t\t\t<\/div>\n\t\t\t\t<\/div>\n\t\t\t\t<\/div>\n\t\t","protected":false},"excerpt":{"rendered":"<p>Interview with Olivier MICHEL, creator of the brand OH MY GONE, who tells us about his vision and his career and Aur\u00e9lie DERDERIAN, manager of the store &#8220;Working with our ecosystem also means contributing to the vitality of our city.&#8221; In Lyon, some stories of entrepreneurs are intertwined with the soul of the city. That [&hellip;]<\/p>\n","protected":false},"author":1,"featured_media":0,"parent":0,"menu_order":1,"comment_status":"open","ping_status":"open","template":"","meta":{"footnotes":""},"class_list":["post-8403","page","type-page","status-publish","hentry"],"_links":{"self":[{"href":"https:\/\/ohmygone.com\/en\/wp-json\/wp\/v2\/pages\/8403","targetHints":{"allow":["GET"]}}],"collection":[{"href":"https:\/\/ohmygone.com\/en\/wp-json\/wp\/v2\/pages"}],"about":[{"href":"https:\/\/ohmygone.com\/en\/wp-json\/wp\/v2\/types\/page"}],"author":[{"embeddable":true,"href":"https:\/\/ohmygone.com\/en\/wp-json\/wp\/v2\/users\/1"}],"replies":[{"embeddable":true,"href":"https:\/\/ohmygone.com\/en\/wp-json\/wp\/v2\/comments?post=8403"}],"version-history":[{"count":1,"href":"https:\/\/ohmygone.com\/en\/wp-json\/wp\/v2\/pages\/8403\/revisions"}],"predecessor-version":[{"id":8404,"href":"https:\/\/ohmygone.com\/en\/wp-json\/wp\/v2\/pages\/8403\/revisions\/8404"}],"wp:attachment":[{"href":"https:\/\/ohmygone.com\/en\/wp-json\/wp\/v2\/media?parent=8403"}],"curies":[{"name":"wp","href":"https:\/\/api.w.org\/{rel}","templated":true}]}}